{"id":4213,"date":"2021-12-17T03:26:41","date_gmt":"2021-12-17T03:26:41","guid":{"rendered":"https:\/\/limakeurasia.com\/hakkimizda\/"},"modified":"2023-11-07T14:05:54","modified_gmt":"2023-11-07T14:05:54","slug":"about-us","status":"publish","type":"page","link":"https:\/\/limakeurasia.com\/en\/about-us\/","title":{"rendered":"About Us"},"content":{"rendered":"<div class=\"wpb-content-wrapper\"><p>[vc_row content_placement=&#8221;middle&#8221; row_content_width=&#8221;grid&#8221; content_text_aligment=&#8221;left&#8221; css=&#8221;.vc_custom_1667913695965{margin-top: 100px !important;margin-right: 0px !important;margin-bottom: 100px !important;margin-left: 0px !important;padding-right: 0px !important;padding-left: 0px !important;}&#8221;][vc_column css=&#8221;.vc_custom_1638968938373{margin-right: 0px !important;margin-left: 0px !important;padding-right: 0px !important;padding-left: 0px !important;}&#8221; offset=&#8221;vc_col-lg-6 vc_col-md-12 vc_hidden-md vc_hidden-sm vc_col-xs-12 vc_hidden-xs&#8221; el_class=&#8221;box&#8221;]<div class=\"qodef-elements-holder   qodef-one-column  qodef-responsive-mode-768 \" ><div class=\"qodef-eh-item    \"  data-item-class=\"qodef-eh-custom-5134\" data-768-1024=\"0% 0 13% 0\" data-680-768=\"0% 0 13% 0\" data-680=\"0% 0 13% 0\">\n\t<div class=\"qodef-eh-item-inner\">\n\t\t<div class=\"qodef-eh-item-content qodef-eh-custom-5134\" style=\"padding: 0 0 0 0\">\n\t\t\t<div class=\"qodef-section-title-holder  qodef-st-standard qodef-st-title-left  qodef-st-normal-space  \" >\n\t<div class=\"qodef-st-inner\">\n        \t\t\t\t\t<h1 class=\"qodef-st-title\" >\n\t\t\t\tWelcome to<br \/> Limak Eurasia Luxury Hotel\t\t\t<\/h1>\n\t\t\t\t\t\t\t<p class=\"qodef-st-text\" style=\"margin-top: 30px\">\n\t\t\t\tRenowned for its 5-star amenities and convenient location in the heart of the Kavac\u0131k business district, Limak Eurasia Luxury Hotel is one of the best hotels on the Anatolian side of Istanbul. Designed for business and leisure travellers who want the very best out of their stay in the city, this premier hotel seamlessly blends gracious hospitality, crisp service and luxury accommodation to create a travel experience unlike any other in Istanbul.\t\t\t<\/p>\n\t\t\t<\/div>\n<\/div><div class=\"qodef-section-title-holder  qodef-st-standard qodef-st-title-left  qodef-st-normal-space  \" >\n\t<div class=\"qodef-st-inner\">\n        \t\t\t\t\t\t\t<p class=\"qodef-st-text\" >\n\t\t\t\tThe hotel is conveniently located just five minutes from the Bosphorus. Also it is 42 km from hotel Istanbul New Airport and 36.8 km to Sabiha Gokcen International Airport. It takes only 30-45 minutes by car to both airports. Our premium city centre location allows guests to explore the top entertainment, shopping and cultural attractions of Istanbul\u2019s European side while enjoying beautiful views of the Bosphorus.\t\t\t<\/p>\n\t\t\t<\/div>\n<\/div><div class=\"qodef-section-title-holder  qodef-st-standard qodef-st-title-left  qodef-st-normal-space  \" >\n\t<div class=\"qodef-st-inner\">\n        \t\t\t\t\t\t\t<p class=\"qodef-st-text\" >\n\t\t\t\tIn addition to 197 rooms, including 15 suites, Limak Eurasia Luxury Hotel features 24-hour gourmet room service and a distinctive collection of dining facilities serving outstanding Turkish and International cuisine. For signature meetings and private events, our Beykoz 5-star hotel offers sophisticated function space and first-class catering for gatherings of up to 600 guests.\t\t\t<\/p>\n\t\t\t<\/div>\n<\/div>\t\t<\/div>\n\t<\/div>\n<\/div><\/div>[\/vc_column][vc_column offset=&#8221;vc_col-lg-6 vc_hidden-md vc_hidden-sm vc_hidden-xs&#8221; el_class=&#8221;mw-400&#8243;]<div class=\"qodef-elements-holder   qodef-one-column  qodef-responsive-mode-768 \" ><div class=\"qodef-eh-item   qodef-horizontal-alignment-center \"  data-item-class=\"qodef-eh-custom-5853\">\n\t<div class=\"qodef-eh-item-inner\">\n\t\t<div class=\"qodef-eh-item-content qodef-eh-custom-5853\" style=\"padding: 0px 0px 0px 0px\">\n\t\t\t[vc_single_image image=&#8221;3456&#8243; img_size=&#8221;1000&#215;1500&#8243; alignment=&#8221;center&#8221;]\t\t<\/div>\n\t<\/div>\n<\/div><\/div>[\/vc_column][\/vc_row][vc_row content_placement=&#8221;middle&#8221; row_content_width=&#8221;grid&#8221; content_text_aligment=&#8221;left&#8221; css=&#8221;.vc_custom_1638908925709{margin-right: 0px !important;margin-bottom: 0px !important;margin-left: 0px !important;padding-right: 0px !important;padding-left: 0px !important;}&#8221;][vc_column css=&#8221;.vc_custom_1569307166404{margin-right: 0px !important;margin-left: 0px !important;padding-top: 50px !important;padding-right: 0px !important;padding-left: 0px !important;}&#8221; offset=&#8221;vc_col-lg-6 vc_hidden-lg vc_col-md-12 vc_col-xs-12&#8243;]<div class=\"qodef-elements-holder   qodef-one-column  qodef-responsive-mode-768 \" ><div class=\"qodef-eh-item    \"  data-item-class=\"qodef-eh-custom-4435\" data-768-1024=\"0% 0 13% 0\" data-680-768=\"0% 0 13% 0\" data-680=\"0% 0 13% 0\">\n\t<div class=\"qodef-eh-item-inner\">\n\t\t<div class=\"qodef-eh-item-content qodef-eh-custom-4435\" style=\"padding: 0 20px 0 0\">\n\t\t\t<div class=\"qodef-section-title-holder  qodef-st-standard qodef-st-title-left  qodef-st-normal-space  \" >\n\t<div class=\"qodef-st-inner\">\n        \t\t\t\t\t<h2 class=\"qodef-st-title\" >\n\t\t\t\tWelcome to<br \/> Limak Eurasia Luxury Hotel\t\t\t<\/h2>\n\t\t\t\t\t\t\t<p class=\"qodef-st-text\" >\n\t\t\t\tRenowned for its 5-star amenities and convenient location in the heart of the Kavac\u0131k business district, Limak Eurasia Luxury Hotel is one of the best hotels on the Anatolian side of Istanbul. Designed for business and leisure travellers who want the very best out of their stay in the city, this premier hotel seamlessly blends gracious hospitality, crisp service and luxury accommodation to create a travel experience unlike any other in Istanbul.<br \/>\nThe hotel is conveniently located just five minutes from the Bosphorus. Also it is 42 km from hotel Istanbul New Airport and 36.8 km to Sabiha Gokcen International Airport. It takes only 30-45 minutes by car to both airports. Our premium city centre location allows guests to explore the top entertainment, shopping and cultural attractions of Istanbul\u2019s European side while enjoying beautiful views of the Bosphorus.<br \/>\nIn addition to 197 rooms, including 15 suites, Limak Eurasia Luxury Hotel features 24-hour gourmet room service and a distinctive collection of dining facilities serving outstanding Turkish and International cuisine. For signature meetings and private events, our Beykoz 5-star hotel offers sophisticated function space and first-class catering for gatherings of up to 600 guests.\t\t\t<\/p>\n\t\t\t<\/div>\n<\/div>\t\t<\/div>\n\t<\/div>\n<\/div><\/div>[\/vc_column][vc_column css=&#8221;.vc_custom_1638908972868{margin-top: 10px !important;padding-right: 0px !important;padding-left: 0px !important;}&#8221; offset=&#8221;vc_col-lg-6 vc_hidden-lg vc_col-md-12 vc_col-xs-12&#8243; el_class=&#8221;mw-400&#8243;]<div class=\"qodef-elements-holder   qodef-one-column  qodef-responsive-mode-768 \" ><div class=\"qodef-eh-item   qodef-horizontal-alignment-center \"  data-item-class=\"qodef-eh-custom-5779\">\n\t<div class=\"qodef-eh-item-inner\">\n\t\t<div class=\"qodef-eh-item-content qodef-eh-custom-5779\" >\n\t\t\t[vc_single_image image=&#8221;3456&#8243; img_size=&#8221;1000&#215;1500&#8243; alignment=&#8221;center&#8221;]\t\t<\/div>\n\t<\/div>\n<\/div><\/div>[\/vc_column][\/vc_row][vc_row simple_background_color=&#8221;#ffffff&#8221;][vc_column css=&#8221;.vc_custom_1639711668588{padding-top: 75px !important;padding-bottom: 75px !important;}&#8221;][vc_row_inner row_content_width=&#8221;grid&#8221;][vc_column_inner][vc_column_text]<\/p>\n<p style=\"text-align: center;\">Renowned for its 5-star amenities and convenient location in the heart of the Kavacik business district, Limak Eurasia Luxury Hotel is one of the best hotels on the Anatolian side of Istanbul. Designed for business and leisure travellers who want the very best out of their stay in the city, this premier hotel seamlessly blends gracious hospitality, crisp service and luxury accommodation to create a travel experience unlike any other in Istanbul. The hotel is conveniently located just five minutes from the Bosphorus. Also it is 42 km from hotel Istanbul New Airport and 36.8 km to Sabiha Gokcen International Airport. It takes only 30-45 minutes by car to both airports. Our premium city centre location allows guests to explore the top entertainment, shopping and cultural attractions of Istanbul\u2019s European side while enjoying beautiful views of the Bosphorus.In addition to 197 rooms, including 15 suites, Limak Eurasia Luxury Hotel features 24-hour gourmet room service and a distinctive collection of dining facilities serving outstanding Turkish and International cuisine. For signature meetings and private events, our Beykoz 5-star hotel offers sophisticated function space and first-class catering for gatherings of up to 600 guests.<\/p>\n<p>[\/vc_column_text][\/vc_column_inner][\/vc_row_inner][\/vc_column][\/vc_row][vc_row][vc_column css=&#8221;.vc_custom_1639711323198{padding-top: 75px !important;padding-bottom: 75px !important;}&#8221;][vc_row_inner row_content_width=&#8221;grid&#8221;][vc_column_inner]<div class=\"qodef-section-title-holder  qodef-st-standard qodef-st-title-left  qodef-st-normal-space  \" style=\"text-align: center\">\n\t<div class=\"qodef-st-inner\">\n                    <span class=\"qodef-st-subtitle\" >\n                Guest Services            <\/span>\n        \t\t\t\t\t<h2 class=\"qodef-st-title\" >\n\t\t\t\tOUR SERVICES\t\t\t<\/h2>\n\t\t\t\t\t\t\t<p class=\"qodef-st-text\" >\n\t\t\t\tLimak Eurasia Luxury Hotel is a beautifully appointed 5-star hotel in Istanbul that has been designed to meet the needs and exceed the expectations of discerning business and holiday travellers.\nWith a swimming pool, massage and wellness spa and fitness centre guests of our Istanbul hotel enjoy a relaxing, rewarding experience at every moment.\nFor the comfort and convenience of our guests, Limak Eurasia Luxury Hotel offers the following guest services and amenities:\t\t\t<\/p>\n\t\t\t<\/div>\n<\/div>[vc_column_text css=&#8221;.vc_custom_1640010257705{margin-top: 30px !important;}&#8221;]<\/p>\n<table class=\"limak-amenities about-us\">\n<tbody>\n<tr>\n<td>Free high-speed internet<\/td>\n<td>Fully equipped business corner<\/td>\n<\/tr>\n<tr>\n<td>Daily newspaper service<\/td>\n<td>Early breakfast<\/td>\n<\/tr>\n<tr>\n<td>Daily laundry and dry cleaning service<\/td>\n<td>24-hour concierge<\/td>\n<\/tr>\n<tr>\n<td>Airport transfer service<\/td>\n<td>On-site parking<\/td>\n<\/tr>\n<tr>\n<td>Evening turndown service<\/td>\n<td>Express checkout<\/td>\n<\/tr>\n<\/tbody>\n<\/table>\n<p>[\/vc_column_text][\/vc_column_inner][\/vc_row_inner][\/vc_column][\/vc_row][vc_row row_content_width=&#8221;grid&#8221; simple_background_color=&#8221;#ffffff&#8221;][vc_column css=&#8221;.vc_custom_1669989216762{margin-top: 50px !important;}&#8221;][vc_row_inner][vc_column_inner]<div class=\"qodef-section-title-holder  qodef-st-standard qodef-st-title-left  qodef-st-normal-space  \" style=\"text-align: center\">\n\t<div class=\"qodef-st-inner\">\n                    <span class=\"qodef-st-subtitle\" >\n                Limak Eurasia            <\/span>\n        \t\t\t\t\t<h2 class=\"qodef-st-title\" >\n\t\t\t\tTESTIMONIALS\t\t\t<\/h2>\n\t\t\t\t\t<\/div>\n<\/div>[\/vc_column_inner][\/vc_row_inner][vc_row_inner][vc_column_inner css=&#8221;.vc_custom_1669989871909{margin-top: 50px !important;}&#8221;]<div class=\"qodef-testimonials-holder clearfix qodef-testimonials-standard \">\n    <span class=\"qodef-testimonial-quote\"><\/span>\n    <div class=\"qodef-testimonials qodef-owl-slider\" data-number-of-items=\"1\" data-enable-loop=\"yes\" data-enable-autoplay=\"yes\" data-slider-speed=\"5000\" data-slider-speed-animation=\"600\" data-enable-navigation=\"yes\" data-enable-pagination=\"yes\" >\n\n    \n            <div class=\"qodef-testimonial-content\" id=\"qodef-testimonials-4498\">\n                <div class=\"qodef-testimonial-text-holder\">\n                                            <p class=\"qodef-testimonial-text\">Es un hotel s\u00faper limpio,servicio excelente,las camas muy buenas,me encanto<\/p>\n                                                        <\/div>\n            <\/div>\n\n    \n            <div class=\"qodef-testimonial-content\" id=\"qodef-testimonials-4497\">\n                <div class=\"qodef-testimonial-text-holder\">\n                                            <p class=\"qodef-testimonial-text\">Top class hotel with a very helpful and professional staff at every departments. Excellent service and delicious food for the breakfast and the dinner. The laundry service was really high class level. Nice and cosy bar. Superb outdoor area. I&#039;ll absolutely recommend Limak Eurasia Luxury Hotel to everyone who needs a hotel stay in Istanbul.<\/p>\n                                                        <\/div>\n            <\/div>\n\n    \n            <div class=\"qodef-testimonial-content\" id=\"qodef-testimonials-4496\">\n                <div class=\"qodef-testimonial-text-holder\">\n                                            <p class=\"qodef-testimonial-text\">Prachtig hotel, heerlijk gevarieerd ontbijt. Had het niet beter kunnen wensen<\/p>\n                                                        <\/div>\n            <\/div>\n\n    \n            <div class=\"qodef-testimonial-content\" id=\"qodef-testimonials-4495\">\n                <div class=\"qodef-testimonial-text-holder\">\n                                            <p class=\"qodef-testimonial-text\">Nous avons pass\u00e9 un agr\u00e9able s\u00e9jour, qu&#039;on voudrait refaire avec plaisir excellent petit d\u00e9jeuner, h\u00f4tel bien situ\u00e9<\/p>\n                                                        <\/div>\n            <\/div>\n\n    \n            <div class=\"qodef-testimonial-content\" id=\"qodef-testimonials-4494\">\n                <div class=\"qodef-testimonial-text-holder\">\n                                            <p class=\"qodef-testimonial-text\">The staff in the restaurant was very friendly.<\/p>\n                                                        <\/div>\n            <\/div>\n\n    \n            <div class=\"qodef-testimonial-content\" id=\"qodef-testimonials-4493\">\n                <div class=\"qodef-testimonial-text-holder\">\n                                            <p class=\"qodef-testimonial-text\">\u0627\u0644\u0625\u0642\u0627\u0645\u0629 \u0645\u0644\u0648\u0643\u064a\u0629 \u0637\u0627\u0642\u0645 \u0627\u0644\u0641\u0646\u062f\u0642 \u0643\u0627\u0646 \u0645\u0645\u062a\u0627\u0632 \u0641\u0648\u0642 \u062c\u0645\u064a\u0639 \u0627\u0644\u062a\u0648\u0642\u0639\u0627\u062a \u0645\u0646 \u062c\u0645\u064a\u0639 \u0637\u0627\u0642\u0645 \u0627\u0644\u0641\u0646\u062f\u0642 \u062f\u0648\u0646 \u0627\u0633\u062a\u062b\u0646\u0627\u0621 \u062a\u0639\u0627\u0648\u0646 \u0645\u0645\u064a\u0632 \u0645\u0646 \u0627\u0644\u0631\u0648\u0639\u0629 \u0643\u0627\u0646 \u0627\u0644\u062d\u062c\u0632 \u0644\u0628\u0639\u0636 \u0627\u0644\u063a\u0631\u0641 \u0628\u062f\u0648\u0646 \u0648\u062c\u0628\u0629 \u0627\u0644\u0625\u0641\u0637\u0627\u0631 \u0648\u0644\u0643\u0646 \u0628\u0637\u0644\u0628 \u0645\u0646\u0627 \u062a\u0648\u0641\u064a\u0631 \u0627\u0644\u0625\u0641\u0637\u0627\u0631 \u062a\u0645 \u0645\u0646\u062d\u0646\u0627 \u0648\u062c\u0628\u0629 \u0627\u0644\u0625\u0641\u0637\u0627\u0631 \u0645\u062c\u0627\u0646\u064a \u0628\u062f\u0648\u0646 \u0627\u064a \u062f\u0641\u0639 \u0645\u0633\u0628\u0642 \u0625\u0641\u0637\u0627\u0631 \u0641\u0627\u062e\u0631 \u062a\u0639\u0627\u0645\u0644 \u0633\u0644\u0633 \u062c\u062f\u0627 \u0645\u0646 \u062c\u0645\u064a\u0639 \u0627\u0644\u0637\u0627\u0642\u0645 \u0645\u0646 \u064a\u0648\u0646\u0633 \u0648 \u0627\u062c\u0648\u0633 \u062a\u0642\u064a\u0645\u064a \u0645\u0645\u062a\u0627\u0632<\/p>\n                                                        <\/div>\n            <\/div>\n\n    \n            <div class=\"qodef-testimonial-content\" id=\"qodef-testimonials-4492\">\n                <div class=\"qodef-testimonial-text-holder\">\n                                            <p class=\"qodef-testimonial-text\">Everything perfect \u2028As usual, Limak is my number one and the only place to stay in Kavacik, love it.<\/p>\n                                                        <\/div>\n            <\/div>\n\n    \n            <div class=\"qodef-testimonial-content\" id=\"qodef-testimonials-4491\">\n                <div class=\"qodef-testimonial-text-holder\">\n                                            <p class=\"qodef-testimonial-text\">It was the best trip i ever gone The hotel is huge and beautiful and the people who work there are so good, friendly and they have great dealings, great of responsibility The best experience \u2764\ufe0f I will come again<\/p>\n                                                        <\/div>\n            <\/div>\n\n    \n            <div class=\"qodef-testimonial-content\" id=\"qodef-testimonials-4490\">\n                <div class=\"qodef-testimonial-text-holder\">\n                                            <p class=\"qodef-testimonial-text\">One of our best accommodation<\/p>\n                                                        <\/div>\n            <\/div>\n\n    \n            <div class=\"qodef-testimonial-content\" id=\"qodef-testimonials-4489\">\n                <div class=\"qodef-testimonial-text-holder\">\n                                            <p class=\"qodef-testimonial-text\">Om du v\u00e4ljer den asiatiska sidan b\u00f6r du v\u00e4lja detta hotell<\/p>\n                                                        <\/div>\n            <\/div>\n\n    \n            <div class=\"qodef-testimonial-content\" id=\"qodef-testimonials-4488\">\n                <div class=\"qodef-testimonial-text-holder\">\n                                            <p class=\"qodef-testimonial-text\">\u0641\u0646\u062f\u0642 \u0645\u0645\u062a\u0627\u0632 \u0648\u0645\u0648\u0642\u0639 \u062c\u064a\u062f \u062c\u062f\u0627 \u0644\u0644\u064a \u0639\u0646\u062f\u0647 \u0633\u064a\u0627\u0631\u0647<\/p>\n                                                        <\/div>\n            <\/div>\n\n    \n            <div class=\"qodef-testimonial-content\" id=\"qodef-testimonials-4487\">\n                <div class=\"qodef-testimonial-text-holder\">\n                                            <p class=\"qodef-testimonial-text\">Friendly staff, clean, comfortable beds and pillows<\/p>\n                                                        <\/div>\n            <\/div>\n\n    \n            <div class=\"qodef-testimonial-content\" id=\"qodef-testimonials-4486\">\n                <div class=\"qodef-testimonial-text-holder\">\n                                            <p class=\"qodef-testimonial-text\">\u0415\u0441\u043b\u0438 \u0432\u0430\u043c \u043d\u0443\u0436\u043d\u043e \u0442\u0438\u0445\u043e\u0435 \u043c\u0435\u0441\u0442\u043e \u0432 \u0421\u0442\u0430\u043c\u0431\u0443\u043b\u0435 - \u0432\u0430\u043c \u0441\u044e\u0434\u0430 \u041f\u0440\u0435\u043a\u0440\u0430\u0441\u043d\u044b\u0439 \u043e\u0442\u0435\u043b\u044c \u0432 \u0442\u0438\u0445\u043e\u043c \u043c\u0435\u0441\u0442\u0435 - \u0432\u043e\u0437\u043c\u043e\u0436\u043d\u043e\u0441\u0442\u044c \u0432\u044b\u0441\u043f\u0430\u0442\u044c\u0441\u044f \u043f\u043e\u0441\u043b\u0435 \u0448\u0443\u043c\u043d\u043e\u0433\u043e \u0421\u0442\u0430\u043c\u0431\u0443\u043b\u0430. \u041e\u0447\u0435\u043d\u044c \u0445\u043e\u0440\u043e\u0448\u0438\u0435 \u0437\u0430\u0432\u0442\u0440\u0430\u043a\u0438, \u0434\u043e\u0441\u0442\u043e\u0439\u043d\u044b\u0439 \u0440\u0435\u0441\u0442\u043e\u0440\u0430\u043d, \u0434\u043e\u0431\u0440\u043e\u0436\u0435\u043b\u0430\u0442\u0435\u043b\u044c\u043d\u044b\u0439 \u043f\u0435\u0440\u0441\u043e\u043d\u0430\u043b. \u0418\u043d\u0442\u0435\u0440\u043d\u0435\u0442 \u0440\u0430\u0431\u043e\u0442\u0430\u043b \u043d\u0430 \u043e\u0442\u043b\u0438\u0447\u043d\u043e.<\/p>\n                                                        <\/div>\n            <\/div>\n\n    \n            <div class=\"qodef-testimonial-content\" id=\"qodef-testimonials-4485\">\n                <div class=\"qodef-testimonial-text-holder\">\n                                            <p class=\"qodef-testimonial-text\">Great breakfast and spacious rooms.<\/p>\n                                                        <\/div>\n            <\/div>\n\n    \n            <div class=\"qodef-testimonial-content\" id=\"qodef-testimonials-4484\">\n                <div class=\"qodef-testimonial-text-holder\">\n                                            <p class=\"qodef-testimonial-text\">fantastisch hotel schoon en zeer mooi en super vriendelijk personeel<\/p>\n                                                        <\/div>\n            <\/div>\n\n    \n            <div class=\"qodef-testimonial-content\" id=\"qodef-testimonials-4483\">\n                <div class=\"qodef-testimonial-text-holder\">\n                                            <p class=\"qodef-testimonial-text\">\u0412\u0441\u0435 \u0434\u043e\u0432\u043e\u043b\u044c\u043d\u043e \u0445\u043e\u0440\u043e\u0448\u043e \u0438 \u043f\u0440\u0438\u044f\u0442\u043d\u043e \u0412\u0441\u0435 \u043f\u043e\u043d\u0440\u0430\u0432\u0438\u043b\u043e\u0441\u044c<\/p>\n                                                        <\/div>\n            <\/div>\n\n    \n            <div class=\"qodef-testimonial-content\" id=\"qodef-testimonials-4482\">\n                <div class=\"qodef-testimonial-text-holder\">\n                                            <p class=\"qodef-testimonial-text\">sehr freundliches Personal<\/p>\n                                                        <\/div>\n            <\/div>\n\n    \n            <div class=\"qodef-testimonial-content\" id=\"qodef-testimonials-4481\">\n                <div class=\"qodef-testimonial-text-holder\">\n                                            <p class=\"qodef-testimonial-text\">\u0645\u0648\u0642\u0639 \u0627\u0644\u0641\u0646\u062f\u0642 \u0627\u0644\u0645\u0648\u0638\u0641\u064a\u0646 \u0627\u0633\u062a\u0642\u0628\u0627\u0644 \u064a\u0648\u062c\u062f \u0645\u0648\u0638\u0641 \u062c\u062f\u0627 \u062a\u0639\u0627\u0645\u0644\u0647 \u0631\u0627\u0642\u0649 \u0648\u0644\u0637\u064a\u0641 \u0634\u0627\u0628 \u0641\u064a \u0627\u0644\u0627\u0633\u062a\u0642\u0628\u0627\u0644 \u064a\u0639\u0645\u0644 \u0641\u064a \u0627\u0644\u0641\u062a\u0631\u0647 \u0635\u0628\u0627\u062d\u064a\u0629 \u062c\u062f\u0627 \u0645\u062d\u062a\u0631\u0645 \u0648\u0627\u062e\u0644\u0627\u0642 \u0639\u0627\u0644\u064a\u0647 \u0648\u062e\u062f\u0648\u0645 \u0627\u062a\u0645\u0646\u0649 \u0644\u0647 \u0627\u0644\u062a\u0648\u0641\u064a\u0642<\/p>\n                                                        <\/div>\n            <\/div>\n\n    \n            <div class=\"qodef-testimonial-content\" id=\"qodef-testimonials-4480\">\n                <div class=\"qodef-testimonial-text-holder\">\n                                            <p class=\"qodef-testimonial-text\">Nice, luxurious trip, really luxury hotel, wonderful breakfast.<\/p>\n                                                        <\/div>\n            <\/div>\n\n    \n            <div class=\"qodef-testimonial-content\" id=\"qodef-testimonials-4479\">\n                <div class=\"qodef-testimonial-text-holder\">\n                                            <p class=\"qodef-testimonial-text\">J ai ete surclass\u00e9 de chambre de luxe \u00e0 suite junior, le room service impeccable,petit d\u00e9jeuner parfait et vari\u00e9, la gentillesse du personnel et la qualit\u00e9 d aide \u00e0 la r\u00e9ception.<\/p>\n                                                        <\/div>\n            <\/div>\n\n    \n    <\/div>\n<\/div>[\/vc_column_inner][\/vc_row_inner][\/vc_column][\/vc_row]<\/p>\n<\/div>","protected":false},"excerpt":{"rendered":"<p>[vc_row content_placement=&#8221;middle&#8221; row_content_width=&#8221;grid&#8221; content_text_aligment=&#8221;left&#8221; css=&#8221;.vc_custom_1667913695965{margin-top: 100px !important;margin-right: 0px !important;margin-bottom: 100px !important;margin-left: 0px !important;padding-right: 0px !important;padding-left: 0px !important;}&#8221;][vc_column css=&#8221;.vc_custom_1638968938373{margin-right: 0px !important;margin-left: 0px !important;padding-right: 0px !important;padding-left: 0px !important;}&#8221; offset=&#8221;vc_col-lg-6 vc_col-md-12 vc_hidden-md vc_hidden-sm vc_col-xs-12 vc_hidden-xs&#8221; el_class=&#8221;box&#8221;][\/vc_column][vc_column offset=&#8221;vc_col-lg-6 vc_hidden-md vc_hidden-sm vc_hidden-xs&#8221; el_class=&#8221;mw-400&#8243;][\/vc_column][\/vc_row][vc_row content_placement=&#8221;middle&#8221; row_content_width=&#8221;grid&#8221; content_text_aligment=&#8221;left&#8221; css=&#8221;.vc_custom_1638908925709{margin-right: 0px !important;margin-bottom: 0px [&hellip;]<\/p>\n","protected":false},"author":3,"featured_media":0,"parent":0,"menu_order":0,"comment_status":"closed","ping_status":"closed","template":"full-width.php","meta":{"footnotes":""},"class_list":["post-4213","page","type-page","status-publish","hentry"],"_links":{"self":[{"href":"https:\/\/limakeurasia.com\/en\/wp-json\/wp\/v2\/pages\/4213","targetHints":{"allow":["GET"]}}],"collection":[{"href":"https:\/\/limakeurasia.com\/en\/wp-json\/wp\/v2\/pages"}],"about":[{"href":"https:\/\/limakeurasia.com\/en\/wp-json\/wp\/v2\/types\/page"}],"author":[{"embeddable":true,"href":"https:\/\/limakeurasia.com\/en\/wp-json\/wp\/v2\/users\/3"}],"replies":[{"embeddable":true,"href":"https:\/\/limakeurasia.com\/en\/wp-json\/wp\/v2\/comments?post=4213"}],"version-history":[{"count":7,"href":"https:\/\/limakeurasia.com\/en\/wp-json\/wp\/v2\/pages\/4213\/revisions"}],"predecessor-version":[{"id":4502,"href":"https:\/\/limakeurasia.com\/en\/wp-json\/wp\/v2\/pages\/4213\/revisions\/4502"}],"wp:attachment":[{"href":"https:\/\/limakeurasia.com\/en\/wp-json\/wp\/v2\/media?parent=4213"}],"curies":[{"name":"wp","href":"https:\/\/api.w.org\/{rel}","templated":true}]}}